{"id":150,"date":"2023-11-13T11:44:23","date_gmt":"2023-11-13T10:44:23","guid":{"rendered":"https:\/\/asa-enzyme.de\/?post_type=product&#038;p=150"},"modified":"2024-02-14T16:35:36","modified_gmt":"2024-02-14T15:35:36","slug":"trace-elements-for-biogas-plants","status":"publish","type":"product","link":"https:\/\/asa-enzyme.de\/de\/produkt\/trace-elements-for-biogas-plants\/","title":{"rendered":"Spurenelemente f\u00fcr Biogasanlagen"},"content":{"rendered":"<h1>Optimierung von Biogasproduktion<\/h1>\n<p>Steigende Substratpreise f\u00fcr Biogasanlagen aus nachwachsenden Rohstoffen verdeutlichen die Notwendigkeit einer optimalen Ausnutzung des verf\u00fcgbaren Fermentervolumens und der Substrate. Ineffiziente Aufbereitungsanlagen weisen Schwankungen auf, die bereits bei Fermenterbelastungen von mehr als\u00a0<strong>2 kg<sub>TM\u00a0<\/sub>\/<\/strong>\u00a0<strong>m<sup>3<\/sup>\u00a0* d.\u00a0<\/strong>In anderen Biogasanlagen k\u00f6nnen jedoch problemlos doppelt so hohe Fermenterbelastungen erreicht werden. Biogas-Laboruntersuchungen zeigen, dass die begrenzte Leistung von Biogasanlagen auf das gehemmte Wachstum von Mikroorganismen zur\u00fcckzuf\u00fchren ist. Die Ursache f\u00fcr die Hemmung kann ein Mangel an Spurenelementen sein. Durch gezielte Zufuhr dieser Spurenelemente kann die Produktivit\u00e4t und das Wachstum der Mikroorganismen deutlich gesteigert werden. Dadurch kann bei gleichem Zeitraum und gleichem G\u00e4rvolumen deutlich mehr Biomasse zu Methan verarbeitet werden, ohne dass es zu Prozessst\u00f6rungen durch S\u00e4ureanreicherung kommt.<\/p>\n<p>&nbsp;<\/p>\n<p><strong>ASA Multikat 30<\/strong>\u00a0ist unsere Spurenelementl\u00f6sung zum Ausgleich von N\u00e4hrstoffdefiziten und zur Steigerung der Biogasausbeute im anaeroben Prozess. Gerade bei der Methanbildung besteht ein wesentlicher Bedarf an bestimmten Metallionen, sie werden als Cofaktoren f\u00fcr die Bildung verschiedener Enzymsysteme ben\u00f6tigt.\u00a0<strong>ASA Multikat 30<\/strong>\u00a0enth\u00e4lt diese Metalle in Form von l\u00f6slichen Salzen. Die Spurenelemente sind in Form einer hochwertigen Standardmischung erh\u00e4ltlich\u00a0<strong>ASA Multikat 30<\/strong>, als auch eine individuell zusammengestellte L\u00f6sung.<\/p>\n<p>&nbsp;<\/p>\n<p><strong>Produktdatenblatt:<\/strong> <a href=\"https:\/\/asa-enzyme.de\/wp-content\/uploads\/2023\/11\/ASA-Multikat-30-9120-ENG.pdf\">ASA Multikat 30-9120-ENG<\/a><\/p>\n<p><a href=\"https:\/\/asa-enzyme.de\/wp-content\/uploads\/2023\/11\/ASA-Multikat-30-Introduction-ENG.pdf\">ASA Multikat 30-Introduction-ENG<\/a><\/p>\n<p><a href=\"https:\/\/asa-enzyme.de\/wp-content\/uploads\/2023\/11\/ASA-Multikat-30-Hazardous-Substances-Notes-ENG.pdf\">ASA Multikat 30-Hazardous Substances Notes-ENG<\/a><\/p>\n<p><strong>Sicherheitsdatenblatt:\u00a0<\/strong>Auf Anfrage<\/p>","protected":false},"excerpt":{"rendered":"<p>Biogas-Zusatzstoff<\/p>\n<p>Spurenelementl\u00f6sung zum Ausgleich von N\u00e4hrstoffm\u00e4ngeln und zur Steigerung der Biogasausbeute im anaeroben Prozess<\/p>","protected":false},"featured_media":704,"template":"","meta":[],"product_cat":[19],"product_tag":[],"class_list":{"0":"post-150","1":"product","2":"type-product","3":"status-publish","4":"has-post-thumbnail","6":"product_cat-bio-products","8":"first","9":"instock","10":"taxable","11":"shipping-taxable","12":"product-type-simple"},"yoast_head":"<!-- This site is optimized with the Yoast SEO plugin v22.8 - https:\/\/yoast.com\/wordpress\/plugins\/seo\/ -->\n<title>Trace elements for biogas plants - ASA Spezialenzyme GmbH<\/title>\n<meta name=\"robots\" content=\"index, follow, max-snippet:-1, max-image-preview:large, max-video-preview:-1\" \/>\n<link rel=\"canonical\" href=\"https:\/\/asa-enzyme.de\/de\/produkt\/trace-elements-for-biogas-plants\/\" \/>\n<meta property=\"og:locale\" content=\"de_DE\" \/>\n<meta property=\"og:type\" content=\"article\" \/>\n<meta property=\"og:title\" content=\"Trace elements for biogas plants - ASA Spezialenzyme GmbH\" \/>\n<meta property=\"og:description\" content=\"Biogas additive  Trace element solution to compensate nutrient deficiencies and to increase the biogas yield in the anaerobic process\" \/>\n<meta property=\"og:url\" content=\"https:\/\/asa-enzyme.de\/de\/produkt\/trace-elements-for-biogas-plants\/\" \/>\n<meta property=\"og:site_name\" content=\"ASA Spezialenzyme GmbH\" \/>\n<meta property=\"article:modified_time\" content=\"2024-02-14T15:35:36+00:00\" \/>\n<meta property=\"og:image\" content=\"https:\/\/asa-enzyme.de\/wp-content\/uploads\/2024\/02\/Bioproducts-scaled.jpg\" \/>\n\t<meta property=\"og:image:width\" content=\"2560\" \/>\n\t<meta property=\"og:image:height\" content=\"1707\" \/>\n\t<meta property=\"og:image:type\" content=\"image\/jpeg\" \/>\n<meta name=\"twitter:card\" content=\"summary_large_image\" \/>\n<meta name=\"twitter:label1\" content=\"Gesch\u00e4tzte Lesezeit\" \/>\n\t<meta name=\"twitter:data1\" content=\"1\u00a0Minute\" \/>\n<script type=\"application\/ld+json\" class=\"yoast-schema-graph\">{\"@context\":\"https:\/\/schema.org\",\"@graph\":[{\"@type\":\"WebPage\",\"@id\":\"https:\/\/asa-enzyme.de\/en\/produkt\/trace-elements-for-biogas-plants\/\",\"url\":\"https:\/\/asa-enzyme.de\/en\/produkt\/trace-elements-for-biogas-plants\/\",\"name\":\"Trace elements for biogas plants - ASA Spezialenzyme GmbH\",\"isPartOf\":{\"@id\":\"https:\/\/asa-enzyme.de\/en\/#website\"},\"primaryImageOfPage\":{\"@id\":\"https:\/\/asa-enzyme.de\/en\/produkt\/trace-elements-for-biogas-plants\/#primaryimage\"},\"image\":{\"@id\":\"https:\/\/asa-enzyme.de\/en\/produkt\/trace-elements-for-biogas-plants\/#primaryimage\"},\"thumbnailUrl\":\"https:\/\/asa-enzyme.de\/wp-content\/uploads\/2024\/02\/Bioproducts-scaled.jpg\",\"datePublished\":\"2023-11-13T10:44:23+00:00\",\"dateModified\":\"2024-02-14T15:35:36+00:00\",\"breadcrumb\":{\"@id\":\"https:\/\/asa-enzyme.de\/en\/produkt\/trace-elements-for-biogas-plants\/#breadcrumb\"},\"inLanguage\":\"de\",\"potentialAction\":[{\"@type\":\"ReadAction\",\"target\":[\"https:\/\/asa-enzyme.de\/en\/produkt\/trace-elements-for-biogas-plants\/\"]}]},{\"@type\":\"ImageObject\",\"inLanguage\":\"de\",\"@id\":\"https:\/\/asa-enzyme.de\/en\/produkt\/trace-elements-for-biogas-plants\/#primaryimage\",\"url\":\"https:\/\/asa-enzyme.de\/wp-content\/uploads\/2024\/02\/Bioproducts-scaled.jpg\",\"contentUrl\":\"https:\/\/asa-enzyme.de\/wp-content\/uploads\/2024\/02\/Bioproducts-scaled.jpg\",\"width\":2560,\"height\":1707},{\"@type\":\"BreadcrumbList\",\"@id\":\"https:\/\/asa-enzyme.de\/en\/produkt\/trace-elements-for-biogas-plants\/#breadcrumb\",\"itemListElement\":[{\"@type\":\"ListItem\",\"position\":1,\"name\":\"Home\",\"item\":\"https:\/\/asa-enzyme.de\/en\/\"},{\"@type\":\"ListItem\",\"position\":2,\"name\":\"Shop\",\"item\":\"https:\/\/asa-enzyme.de\/en\/shop-special-enzymes\/\"},{\"@type\":\"ListItem\",\"position\":3,\"name\":\"Trace elements for biogas plants\"}]},{\"@type\":\"WebSite\",\"@id\":\"https:\/\/asa-enzyme.de\/en\/#website\",\"url\":\"https:\/\/asa-enzyme.de\/en\/\",\"name\":\"ASA Spezialenzyme GmbH\",\"description\":\"\",\"publisher\":{\"@id\":\"https:\/\/asa-enzyme.de\/en\/#organization\"},\"potentialAction\":[{\"@type\":\"SearchAction\",\"target\":{\"@type\":\"EntryPoint\",\"urlTemplate\":\"https:\/\/asa-enzyme.de\/en\/?s={search_term_string}\"},\"query-input\":\"required name=search_term_string\"}],\"inLanguage\":\"de\"},{\"@type\":\"Organization\",\"@id\":\"https:\/\/asa-enzyme.de\/en\/#organization\",\"name\":\"ASA Spezialenzyme GmbH\",\"url\":\"https:\/\/asa-enzyme.de\/en\/\",\"logo\":{\"@type\":\"ImageObject\",\"inLanguage\":\"de\",\"@id\":\"https:\/\/asa-enzyme.de\/en\/#\/schema\/logo\/image\/\",\"url\":\"https:\/\/asa-enzyme.de\/wp-content\/uploads\/2023\/11\/ASALogo1.jpg\",\"contentUrl\":\"https:\/\/asa-enzyme.de\/wp-content\/uploads\/2023\/11\/ASALogo1.jpg\",\"width\":595,\"height\":156,\"caption\":\"ASA Spezialenzyme GmbH\"},\"image\":{\"@id\":\"https:\/\/asa-enzyme.de\/en\/#\/schema\/logo\/image\/\"}}]}<\/script>\n<!-- \/ Yoast SEO plugin. -->","yoast_head_json":{"title":"Trace elements for biogas plants - ASA Spezialenzyme GmbH","robots":{"index":"index","follow":"follow","max-snippet":"max-snippet:-1","max-image-preview":"max-image-preview:large","max-video-preview":"max-video-preview:-1"},"canonical":"https:\/\/asa-enzyme.de\/de\/produkt\/trace-elements-for-biogas-plants\/","og_locale":"de_DE","og_type":"article","og_title":"Trace elements for biogas plants - ASA Spezialenzyme GmbH","og_description":"Biogas additive  Trace element solution to compensate nutrient deficiencies and to increase the biogas yield in the anaerobic process","og_url":"https:\/\/asa-enzyme.de\/de\/produkt\/trace-elements-for-biogas-plants\/","og_site_name":"ASA Spezialenzyme GmbH","article_modified_time":"2024-02-14T15:35:36+00:00","og_image":[{"width":2560,"height":1707,"url":"https:\/\/asa-enzyme.de\/wp-content\/uploads\/2024\/02\/Bioproducts-scaled.jpg","type":"image\/jpeg"}],"twitter_card":"summary_large_image","twitter_misc":{"Gesch\u00e4tzte Lesezeit":"1\u00a0Minute"},"schema":{"@context":"https:\/\/schema.org","@graph":[{"@type":"WebPage","@id":"https:\/\/asa-enzyme.de\/en\/produkt\/trace-elements-for-biogas-plants\/","url":"https:\/\/asa-enzyme.de\/en\/produkt\/trace-elements-for-biogas-plants\/","name":"Trace elements for biogas plants - ASA Spezialenzyme GmbH","isPartOf":{"@id":"https:\/\/asa-enzyme.de\/en\/#website"},"primaryImageOfPage":{"@id":"https:\/\/asa-enzyme.de\/en\/produkt\/trace-elements-for-biogas-plants\/#primaryimage"},"image":{"@id":"https:\/\/asa-enzyme.de\/en\/produkt\/trace-elements-for-biogas-plants\/#primaryimage"},"thumbnailUrl":"https:\/\/asa-enzyme.de\/wp-content\/uploads\/2024\/02\/Bioproducts-scaled.jpg","datePublished":"2023-11-13T10:44:23+00:00","dateModified":"2024-02-14T15:35:36+00:00","breadcrumb":{"@id":"https:\/\/asa-enzyme.de\/en\/produkt\/trace-elements-for-biogas-plants\/#breadcrumb"},"inLanguage":"de","potentialAction":[{"@type":"ReadAction","target":["https:\/\/asa-enzyme.de\/en\/produkt\/trace-elements-for-biogas-plants\/"]}]},{"@type":"ImageObject","inLanguage":"de","@id":"https:\/\/asa-enzyme.de\/en\/produkt\/trace-elements-for-biogas-plants\/#primaryimage","url":"https:\/\/asa-enzyme.de\/wp-content\/uploads\/2024\/02\/Bioproducts-scaled.jpg","contentUrl":"https:\/\/asa-enzyme.de\/wp-content\/uploads\/2024\/02\/Bioproducts-scaled.jpg","width":2560,"height":1707},{"@type":"BreadcrumbList","@id":"https:\/\/asa-enzyme.de\/en\/produkt\/trace-elements-for-biogas-plants\/#breadcrumb","itemListElement":[{"@type":"ListItem","position":1,"name":"Home","item":"https:\/\/asa-enzyme.de\/en\/"},{"@type":"ListItem","position":2,"name":"Shop","item":"https:\/\/asa-enzyme.de\/en\/shop-special-enzymes\/"},{"@type":"ListItem","position":3,"name":"Trace elements for biogas plants"}]},{"@type":"WebSite","@id":"https:\/\/asa-enzyme.de\/en\/#website","url":"https:\/\/asa-enzyme.de\/en\/","name":"ASA Spezialenzyme GmbH","description":"","publisher":{"@id":"https:\/\/asa-enzyme.de\/en\/#organization"},"potentialAction":[{"@type":"SearchAction","target":{"@type":"EntryPoint","urlTemplate":"https:\/\/asa-enzyme.de\/en\/?s={search_term_string}"},"query-input":"required name=search_term_string"}],"inLanguage":"de"},{"@type":"Organization","@id":"https:\/\/asa-enzyme.de\/en\/#organization","name":"ASA Spezialenzyme GmbH","url":"https:\/\/asa-enzyme.de\/en\/","logo":{"@type":"ImageObject","inLanguage":"de","@id":"https:\/\/asa-enzyme.de\/en\/#\/schema\/logo\/image\/","url":"https:\/\/asa-enzyme.de\/wp-content\/uploads\/2023\/11\/ASALogo1.jpg","contentUrl":"https:\/\/asa-enzyme.de\/wp-content\/uploads\/2023\/11\/ASALogo1.jpg","width":595,"height":156,"caption":"ASA Spezialenzyme GmbH"},"image":{"@id":"https:\/\/asa-enzyme.de\/en\/#\/schema\/logo\/image\/"}}]}},"_links":{"self":[{"href":"https:\/\/asa-enzyme.de\/de\/wp-json\/wp\/v2\/product\/150","targetHints":{"allow":["GET"]}}],"collection":[{"href":"https:\/\/asa-enzyme.de\/de\/wp-json\/wp\/v2\/product"}],"about":[{"href":"https:\/\/asa-enzyme.de\/de\/wp-json\/wp\/v2\/types\/product"}],"wp:featuredmedia":[{"embeddable":true,"href":"https:\/\/asa-enzyme.de\/de\/wp-json\/wp\/v2\/media\/704"}],"wp:attachment":[{"href":"https:\/\/asa-enzyme.de\/de\/wp-json\/wp\/v2\/media?parent=150"}],"wp:term":[{"taxonomy":"product_cat","embeddable":true,"href":"https:\/\/asa-enzyme.de\/de\/wp-json\/wp\/v2\/product_cat?post=150"},{"taxonomy":"product_tag","embeddable":true,"href":"https:\/\/asa-enzyme.de\/de\/wp-json\/wp\/v2\/product_tag?post=150"}],"curies":[{"name":"wp","href":"https:\/\/api.w.org\/{rel}","templated":true}]}}