{"id":168,"date":"2023-11-13T12:35:07","date_gmt":"2023-11-13T11:35:07","guid":{"rendered":"https:\/\/asa-enzyme.de\/?post_type=product&#038;p=168"},"modified":"2026-02-26T16:30:13","modified_gmt":"2026-02-26T15:30:13","slug":"bio-derosta-gel-c-1","status":"publish","type":"product","link":"https:\/\/asa-enzyme.de\/de\/produkt\/bio-derosta-gel-c-1\/","title":{"rendered":"Bio-Derosta\u00ae gel C-1"},"content":{"rendered":"<h1>Biologische Entrostung<\/h1>\n<p>Rost besteht haupts\u00e4chlich aus Eisen(III)-oxid und Eisen(II, III)-oxid, wobei Eisen dreiwertig oder zweiwertig ist. Eisen ist ein wesentliches Spurenelement f\u00fcr das Wachstum von Mikroorganismen. Bestimmte Mikroorganismen haben im Laufe der Evolution spezifische Strategien zur Eisenaufnahme entwickelt, um unter eisenarmen Bedingungen zu \u00fcberleben. Zu diesem Zweck bilden diese Mikroorganismen Siderophore (biologische Chelatbildner), die in der Lage sind, Fe<sup>3+<\/sup>-Ionen mit hoher Affinit\u00e4t, und geben Sie Fe<sup>2+<\/sup>\u00a0auf die Zellmembran der Mikroorganismen. Im Vergleich zu konventionellen Beizverfahren ist die biologische Entrostung gesundheitlich unbedenklich und die Entsorgung ins Abwasser ist ohne Bedenken f\u00fcr die Umwelt m\u00f6glich. Dar\u00fcber hinaus ist der Herstellungsprozess energiesparend und umweltfreundlich.<\/p>\n<p>&nbsp;<\/p>\n<p><strong><u>Bio-Derosta<sup>\u00ae<\/sup>\u00a0Vorteile auf einen Blick:<\/u><\/strong><\/p>\n<ul>\n<li>Keine Abnutzung der Werkzeuge<\/li>\n<li>Keine Beeintr\u00e4chtigung von Lacken oder Kunststoffen<\/li>\n<li>Entrosten bei einem hautfreundlichen pH-Wert<\/li>\n<li>Keine Beeintr\u00e4chtigung der Gesundheit der Teilnehmer durch \u00e4tzende D\u00e4mpfe oder St\u00e4ube<\/li>\n<li>Verringerung des Risikopotenzials bei der Arbeit<\/li>\n<li>Freie und unproblematische Entsorgung, das Produkt ist zu 98% biologisch abbaubar<\/li>\n<li>Verringerung des Energieverbrauchs und der CO<sub>2<\/sub>\u00a0Emissionen w\u00e4hrend des Produktions- und Entrostungsprozesses<\/li>\n<\/ul>\n<p><strong>Produktdatenblatt: <a href=\"https:\/\/asa-enzyme.de\/wp-content\/uploads\/2023\/11\/ASA-Bio-Derosta-gel-C-1-9055-ENG.pdf\">ASA Bio-Derosta gel C-1-9055-ENG<\/a><\/strong><\/p>\n<p><strong>Sicherheitsdatenblatt: <\/strong>Auf Anfrage<\/p>","protected":false},"excerpt":{"rendered":"<p>Biologischer Komplexbildner zum Entrosten von Metallteilen.<\/p>\n<p>Gel form<\/p>\n<p>1 kg &#8211; 12,10 \u20ac\/kg<\/p>\n<p>5 kg &#8211; 9,20 \u20ac\/kg<\/p>","protected":false},"featured_media":704,"template":"","meta":[],"product_cat":[19,20],"product_tag":[],"class_list":{"0":"post-168","1":"product","2":"type-product","3":"status-publish","4":"has-post-thumbnail","6":"product_cat-bio-products","7":"product_cat-bio-derosta","8":"product_shipping_class-products","10":"first","11":"instock","12":"taxable","13":"shipping-taxable","14":"purchasable","15":"product-type-variable"},"yoast_head":"<!-- This site is optimized with the Yoast SEO plugin v22.8 - https:\/\/yoast.com\/wordpress\/plugins\/seo\/ -->\n<title>Bio-Derosta\u00ae gel C-1 - ASA Spezialenzyme GmbH<\/title>\n<meta name=\"robots\" content=\"index, follow, max-snippet:-1, max-image-preview:large, max-video-preview:-1\" \/>\n<link rel=\"canonical\" href=\"https:\/\/asa-enzyme.de\/de\/produkt\/bio-derosta-gel-c-1\/\" \/>\n<meta property=\"og:locale\" content=\"de_DE\" \/>\n<meta property=\"og:type\" content=\"article\" \/>\n<meta property=\"og:title\" content=\"Bio-Derosta\u00ae gel C-1 - ASA Spezialenzyme GmbH\" \/>\n<meta property=\"og:description\" content=\"Biological complexing agent to de-rust metal parts.  Gel form  1 kg - 12,10 \u20ac\/kg  5 kg - 9,20 \u20ac\/kg\" \/>\n<meta property=\"og:url\" content=\"https:\/\/asa-enzyme.de\/de\/produkt\/bio-derosta-gel-c-1\/\" \/>\n<meta property=\"og:site_name\" content=\"ASA Spezialenzyme GmbH\" \/>\n<meta property=\"article:modified_time\" content=\"2026-02-26T15:30:13+00:00\" \/>\n<meta property=\"og:image\" content=\"https:\/\/asa-enzyme.de\/wp-content\/uploads\/2024\/02\/Bioproducts-scaled.jpg\" \/>\n\t<meta property=\"og:image:width\" content=\"2560\" \/>\n\t<meta property=\"og:image:height\" content=\"1707\" \/>\n\t<meta property=\"og:image:type\" content=\"image\/jpeg\" \/>\n<meta name=\"twitter:card\" content=\"summary_large_image\" \/>\n<meta name=\"twitter:label1\" content=\"Gesch\u00e4tzte Lesezeit\" \/>\n\t<meta name=\"twitter:data1\" content=\"2\u00a0Minuten\" \/>\n<script type=\"application\/ld+json\" class=\"yoast-schema-graph\">{\"@context\":\"https:\/\/schema.org\",\"@graph\":[{\"@type\":\"WebPage\",\"@id\":\"https:\/\/asa-enzyme.de\/produkt\/bio-derosta-gel-c-1\/\",\"url\":\"https:\/\/asa-enzyme.de\/produkt\/bio-derosta-gel-c-1\/\",\"name\":\"Bio-Derosta\u00ae gel C-1 - ASA Spezialenzyme GmbH\",\"isPartOf\":{\"@id\":\"https:\/\/asa-enzyme.de\/en\/#website\"},\"primaryImageOfPage\":{\"@id\":\"https:\/\/asa-enzyme.de\/produkt\/bio-derosta-gel-c-1\/#primaryimage\"},\"image\":{\"@id\":\"https:\/\/asa-enzyme.de\/produkt\/bio-derosta-gel-c-1\/#primaryimage\"},\"thumbnailUrl\":\"https:\/\/asa-enzyme.de\/wp-content\/uploads\/2024\/02\/Bioproducts-scaled.jpg\",\"datePublished\":\"2023-11-13T11:35:07+00:00\",\"dateModified\":\"2026-02-26T15:30:13+00:00\",\"breadcrumb\":{\"@id\":\"https:\/\/asa-enzyme.de\/produkt\/bio-derosta-gel-c-1\/#breadcrumb\"},\"inLanguage\":\"de\",\"potentialAction\":[{\"@type\":\"ReadAction\",\"target\":[\"https:\/\/asa-enzyme.de\/produkt\/bio-derosta-gel-c-1\/\"]}]},{\"@type\":\"ImageObject\",\"inLanguage\":\"de\",\"@id\":\"https:\/\/asa-enzyme.de\/produkt\/bio-derosta-gel-c-1\/#primaryimage\",\"url\":\"https:\/\/asa-enzyme.de\/wp-content\/uploads\/2024\/02\/Bioproducts-scaled.jpg\",\"contentUrl\":\"https:\/\/asa-enzyme.de\/wp-content\/uploads\/2024\/02\/Bioproducts-scaled.jpg\",\"width\":2560,\"height\":1707},{\"@type\":\"BreadcrumbList\",\"@id\":\"https:\/\/asa-enzyme.de\/produkt\/bio-derosta-gel-c-1\/#breadcrumb\",\"itemListElement\":[{\"@type\":\"ListItem\",\"position\":1,\"name\":\"Home\",\"item\":\"https:\/\/asa-enzyme.de\/en\/\"},{\"@type\":\"ListItem\",\"position\":2,\"name\":\"Shop\",\"item\":\"https:\/\/asa-enzyme.de\/en\/shop-special-enzymes\/\"},{\"@type\":\"ListItem\",\"position\":3,\"name\":\"Bio-Derosta\u00ae gel C-1\"}]},{\"@type\":\"WebSite\",\"@id\":\"https:\/\/asa-enzyme.de\/en\/#website\",\"url\":\"https:\/\/asa-enzyme.de\/en\/\",\"name\":\"ASA Spezialenzyme GmbH\",\"description\":\"\",\"publisher\":{\"@id\":\"https:\/\/asa-enzyme.de\/en\/#organization\"},\"potentialAction\":[{\"@type\":\"SearchAction\",\"target\":{\"@type\":\"EntryPoint\",\"urlTemplate\":\"https:\/\/asa-enzyme.de\/en\/?s={search_term_string}\"},\"query-input\":\"required name=search_term_string\"}],\"inLanguage\":\"de\"},{\"@type\":\"Organization\",\"@id\":\"https:\/\/asa-enzyme.de\/en\/#organization\",\"name\":\"ASA Spezialenzyme GmbH\",\"url\":\"https:\/\/asa-enzyme.de\/en\/\",\"logo\":{\"@type\":\"ImageObject\",\"inLanguage\":\"de\",\"@id\":\"https:\/\/asa-enzyme.de\/en\/#\/schema\/logo\/image\/\",\"url\":\"https:\/\/asa-enzyme.de\/wp-content\/uploads\/2023\/11\/ASALogo1.jpg\",\"contentUrl\":\"https:\/\/asa-enzyme.de\/wp-content\/uploads\/2023\/11\/ASALogo1.jpg\",\"width\":595,\"height\":156,\"caption\":\"ASA Spezialenzyme GmbH\"},\"image\":{\"@id\":\"https:\/\/asa-enzyme.de\/en\/#\/schema\/logo\/image\/\"}}]}<\/script>\n<!-- \/ Yoast SEO plugin. -->","yoast_head_json":{"title":"Bio-Derosta\u00ae gel C-1 - ASA Spezialenzyme GmbH","robots":{"index":"index","follow":"follow","max-snippet":"max-snippet:-1","max-image-preview":"max-image-preview:large","max-video-preview":"max-video-preview:-1"},"canonical":"https:\/\/asa-enzyme.de\/de\/produkt\/bio-derosta-gel-c-1\/","og_locale":"de_DE","og_type":"article","og_title":"Bio-Derosta\u00ae gel C-1 - ASA Spezialenzyme GmbH","og_description":"Biological complexing agent to de-rust metal parts.  Gel form  1 kg - 12,10 \u20ac\/kg  5 kg - 9,20 \u20ac\/kg","og_url":"https:\/\/asa-enzyme.de\/de\/produkt\/bio-derosta-gel-c-1\/","og_site_name":"ASA Spezialenzyme GmbH","article_modified_time":"2026-02-26T15:30:13+00:00","og_image":[{"width":2560,"height":1707,"url":"https:\/\/asa-enzyme.de\/wp-content\/uploads\/2024\/02\/Bioproducts-scaled.jpg","type":"image\/jpeg"}],"twitter_card":"summary_large_image","twitter_misc":{"Gesch\u00e4tzte Lesezeit":"2\u00a0Minuten"},"schema":{"@context":"https:\/\/schema.org","@graph":[{"@type":"WebPage","@id":"https:\/\/asa-enzyme.de\/produkt\/bio-derosta-gel-c-1\/","url":"https:\/\/asa-enzyme.de\/produkt\/bio-derosta-gel-c-1\/","name":"Bio-Derosta\u00ae gel C-1 - ASA Spezialenzyme GmbH","isPartOf":{"@id":"https:\/\/asa-enzyme.de\/en\/#website"},"primaryImageOfPage":{"@id":"https:\/\/asa-enzyme.de\/produkt\/bio-derosta-gel-c-1\/#primaryimage"},"image":{"@id":"https:\/\/asa-enzyme.de\/produkt\/bio-derosta-gel-c-1\/#primaryimage"},"thumbnailUrl":"https:\/\/asa-enzyme.de\/wp-content\/uploads\/2024\/02\/Bioproducts-scaled.jpg","datePublished":"2023-11-13T11:35:07+00:00","dateModified":"2026-02-26T15:30:13+00:00","breadcrumb":{"@id":"https:\/\/asa-enzyme.de\/produkt\/bio-derosta-gel-c-1\/#breadcrumb"},"inLanguage":"de","potentialAction":[{"@type":"ReadAction","target":["https:\/\/asa-enzyme.de\/produkt\/bio-derosta-gel-c-1\/"]}]},{"@type":"ImageObject","inLanguage":"de","@id":"https:\/\/asa-enzyme.de\/produkt\/bio-derosta-gel-c-1\/#primaryimage","url":"https:\/\/asa-enzyme.de\/wp-content\/uploads\/2024\/02\/Bioproducts-scaled.jpg","contentUrl":"https:\/\/asa-enzyme.de\/wp-content\/uploads\/2024\/02\/Bioproducts-scaled.jpg","width":2560,"height":1707},{"@type":"BreadcrumbList","@id":"https:\/\/asa-enzyme.de\/produkt\/bio-derosta-gel-c-1\/#breadcrumb","itemListElement":[{"@type":"ListItem","position":1,"name":"Home","item":"https:\/\/asa-enzyme.de\/en\/"},{"@type":"ListItem","position":2,"name":"Shop","item":"https:\/\/asa-enzyme.de\/en\/shop-special-enzymes\/"},{"@type":"ListItem","position":3,"name":"Bio-Derosta\u00ae gel C-1"}]},{"@type":"WebSite","@id":"https:\/\/asa-enzyme.de\/en\/#website","url":"https:\/\/asa-enzyme.de\/en\/","name":"ASA Spezialenzyme GmbH","description":"","publisher":{"@id":"https:\/\/asa-enzyme.de\/en\/#organization"},"potentialAction":[{"@type":"SearchAction","target":{"@type":"EntryPoint","urlTemplate":"https:\/\/asa-enzyme.de\/en\/?s={search_term_string}"},"query-input":"required name=search_term_string"}],"inLanguage":"de"},{"@type":"Organization","@id":"https:\/\/asa-enzyme.de\/en\/#organization","name":"ASA Spezialenzyme GmbH","url":"https:\/\/asa-enzyme.de\/en\/","logo":{"@type":"ImageObject","inLanguage":"de","@id":"https:\/\/asa-enzyme.de\/en\/#\/schema\/logo\/image\/","url":"https:\/\/asa-enzyme.de\/wp-content\/uploads\/2023\/11\/ASALogo1.jpg","contentUrl":"https:\/\/asa-enzyme.de\/wp-content\/uploads\/2023\/11\/ASALogo1.jpg","width":595,"height":156,"caption":"ASA Spezialenzyme GmbH"},"image":{"@id":"https:\/\/asa-enzyme.de\/en\/#\/schema\/logo\/image\/"}}]}},"_links":{"self":[{"href":"https:\/\/asa-enzyme.de\/de\/wp-json\/wp\/v2\/product\/168","targetHints":{"allow":["GET"]}}],"collection":[{"href":"https:\/\/asa-enzyme.de\/de\/wp-json\/wp\/v2\/product"}],"about":[{"href":"https:\/\/asa-enzyme.de\/de\/wp-json\/wp\/v2\/types\/product"}],"wp:featuredmedia":[{"embeddable":true,"href":"https:\/\/asa-enzyme.de\/de\/wp-json\/wp\/v2\/media\/704"}],"wp:attachment":[{"href":"https:\/\/asa-enzyme.de\/de\/wp-json\/wp\/v2\/media?parent=168"}],"wp:term":[{"taxonomy":"product_cat","embeddable":true,"href":"https:\/\/asa-enzyme.de\/de\/wp-json\/wp\/v2\/product_cat?post=168"},{"taxonomy":"product_tag","embeddable":true,"href":"https:\/\/asa-enzyme.de\/de\/wp-json\/wp\/v2\/product_tag?post=168"}],"curies":[{"name":"wp","href":"https:\/\/api.w.org\/{rel}","templated":true}]}}