{"id":357,"date":"2023-12-30T15:20:59","date_gmt":"2023-12-30T14:20:59","guid":{"rendered":"https:\/\/asa-enzyme.de\/?post_type=product&#038;p=357"},"modified":"2026-03-02T15:46:44","modified_gmt":"2026-03-02T14:46:44","slug":"esterase-pl","status":"publish","type":"product","link":"https:\/\/asa-enzyme.de\/de\/produkt\/esterase-pl\/","title":{"rendered":"Esterase PL"},"content":{"rendered":"<div class=\"page-header\">\n<h2>Esterase PL<\/h2>\n<\/div>\n<div>\n<h6>EC 3.1.1.3<\/h6>\n<h6>Esterase<\/h6>\n<h6><strong>Aus<\/strong> pig liver<\/h6>\n<p><strong>Anwendung:<\/strong> Esterase PL wird verwendet f\u00fcr die enantioselektive Spaltung von Estern aus prim\u00e4ren Alkoholen und kurzkettigen Carbons\u00e4uren. Veresterung von prim\u00e4ren Alkoholen mit kurz- und langkettigen Carbons\u00e4uren.<\/p>\n<p><strong>Aktivit\u00e4t:<\/strong>\u00a0&gt; 400 U\/g<\/p>\n<p><strong>Artikel Nr.:<\/strong>\u00a02410<\/p>\n<p><strong>Produktdatenblatt DE <a href=\"https:\/\/asa-enzyme.de\/wp-content\/uploads\/2025\/09\/PDB-Esterase-PL-2410-DE.pdf\" target=\"_blank\" rel=\"noopener\">EstPL &#8211; 2410 &#8211; DE<\/a><\/strong><\/p>\n<p><strong>Produktdatenblatt ENG <a href=\"https:\/\/asa-enzyme.de\/wp-content\/uploads\/2025\/09\/PDS-Esterase-PL-2410-ENG.pdf\" target=\"_blank\" rel=\"noopener\">EstPL &#8211; 2410 &#8211; ENG<\/a><\/strong><\/p>\n<p><strong>Sicherheitsdatenblatt:<\/strong> Auf Anfrage<\/p>\n<p><strong>Wissenschaftliche Literatur<\/strong><\/p>\n<p class=\"heading-title\"><a href=\"https:\/\/doi.org\/10.1016\/j.bmc.2009.10.033\" target=\"_blank\" rel=\"noopener\">Insights into the physiological role of pig liver esterase: isoenzymes show differences in the demethylation of prenylated proteins<\/a> (By <span class=\"authors-list-item\">Elke Br\u00fcsehaber<span class=\"comma\">,\u00a0<\/span><\/span><span class=\"authors-list-item\">Dominique B\u00f6ttcher, et al; 2009;\u00a0<em>Bioorganic &amp; Medicinal Chemistry,\u00a0<\/em>Volume 17, Issue 23, December 2009, Pages 7878-7883; DOI: <\/span><span class=\"identifier doi\"><a class=\"id-link\" href=\"https:\/\/doi.org\/10.1016\/j.bmc.2009.10.033\" target=\"_blank\" rel=\"noopener\" data-ga-category=\"full_text\" data-ga-action=\"DOI\">10.1016\/j.bmc.2009.10.033<\/a>)<\/span><\/p>\n<p class=\"c-article-title\" data-test=\"article-title\"><a href=\"https:\/\/www.nature.com\/articles\/s41598-019-51580-4\" target=\"_blank\" rel=\"noopener\">Pig liver esterases PLE1 and PLE6: heterologous expression, hydrolysis of common antibiotics and pharmacological consequences<\/a> (By Qiongqiong Zhou,\u00a0Qiling Xiao, et al; 2019;\u00a0<em>Scientific Reports, <\/em>Volume 9, October 2019; DOI: <a href=\"https:\/\/www.nature.com\/articles\/s41598-019-51580-4\" target=\"_blank\" rel=\"noopener\">10.1038\/s41598-019-51580-4<\/a>)<\/p>\n<\/div>","protected":false},"excerpt":{"rendered":"<p>Carboxylesterase, EC 3.1.1.1<\/p>","protected":false},"featured_media":561,"template":"","meta":[],"product_cat":[24],"product_tag":[],"class_list":{"0":"post-357","1":"product","2":"type-product","3":"status-publish","4":"has-post-thumbnail","6":"product_cat-special-enzymes","7":"product_shipping_class-specialenzymes","9":"first","10":"instock","11":"taxable","12":"shipping-taxable","13":"purchasable","14":"product-type-variable"},"yoast_head":"<!-- This site is optimized with the Yoast SEO plugin v22.8 - https:\/\/yoast.com\/wordpress\/plugins\/seo\/ -->\n<title>Esterase PL - ASA Spezialenzyme GmbH<\/title>\n<meta name=\"description\" content=\"Esterase PL is used for the enantioselective cleavage of esters from primary alcohols and short-chain carboxylic acids. Frequently used in organic synthesis\" \/>\n<meta name=\"robots\" content=\"index, follow, max-snippet:-1, max-image-preview:large, max-video-preview:-1\" \/>\n<link rel=\"canonical\" href=\"https:\/\/asa-enzyme.de\/de\/produkt\/esterase-pl\/\" \/>\n<meta property=\"og:locale\" content=\"de_DE\" \/>\n<meta property=\"og:type\" content=\"article\" \/>\n<meta property=\"og:title\" content=\"Esterase PL - ASA Spezialenzyme GmbH\" \/>\n<meta property=\"og:description\" content=\"Esterase PL is used for the enantioselective cleavage of esters from primary alcohols and short-chain carboxylic acids. Frequently used in organic synthesis\" \/>\n<meta property=\"og:url\" content=\"https:\/\/asa-enzyme.de\/de\/produkt\/esterase-pl\/\" \/>\n<meta property=\"og:site_name\" content=\"ASA Spezialenzyme GmbH\" \/>\n<meta property=\"article:modified_time\" content=\"2026-03-02T14:46:44+00:00\" \/>\n<meta property=\"og:image\" content=\"https:\/\/asa-enzyme.de\/wp-content\/uploads\/2024\/01\/Esterase-PL.png\" \/>\n\t<meta property=\"og:image:width\" content=\"1080\" \/>\n\t<meta property=\"og:image:height\" content=\"1080\" \/>\n\t<meta property=\"og:image:type\" content=\"image\/png\" \/>\n<meta name=\"twitter:card\" content=\"summary_large_image\" \/>\n<meta name=\"twitter:label1\" content=\"Gesch\u00e4tzte Lesezeit\" \/>\n\t<meta name=\"twitter:data1\" content=\"1\u00a0Minute\" \/>\n<script type=\"application\/ld+json\" class=\"yoast-schema-graph\">{\"@context\":\"https:\/\/schema.org\",\"@graph\":[{\"@type\":\"WebPage\",\"@id\":\"https:\/\/asa-enzyme.de\/produkt\/esterase-pl\/\",\"url\":\"https:\/\/asa-enzyme.de\/produkt\/esterase-pl\/\",\"name\":\"Esterase PL - ASA Spezialenzyme GmbH\",\"isPartOf\":{\"@id\":\"https:\/\/asa-enzyme.de\/en\/#website\"},\"primaryImageOfPage\":{\"@id\":\"https:\/\/asa-enzyme.de\/produkt\/esterase-pl\/#primaryimage\"},\"image\":{\"@id\":\"https:\/\/asa-enzyme.de\/produkt\/esterase-pl\/#primaryimage\"},\"thumbnailUrl\":\"https:\/\/asa-enzyme.de\/wp-content\/uploads\/2024\/01\/Esterase-PL.png\",\"datePublished\":\"2023-12-30T14:20:59+00:00\",\"dateModified\":\"2026-03-02T14:46:44+00:00\",\"description\":\"Esterase PL is used for the enantioselective cleavage of esters from primary alcohols and short-chain carboxylic acids. Frequently used in organic synthesis\",\"breadcrumb\":{\"@id\":\"https:\/\/asa-enzyme.de\/produkt\/esterase-pl\/#breadcrumb\"},\"inLanguage\":\"de\",\"potentialAction\":[{\"@type\":\"ReadAction\",\"target\":[\"https:\/\/asa-enzyme.de\/produkt\/esterase-pl\/\"]}]},{\"@type\":\"ImageObject\",\"inLanguage\":\"de\",\"@id\":\"https:\/\/asa-enzyme.de\/produkt\/esterase-pl\/#primaryimage\",\"url\":\"https:\/\/asa-enzyme.de\/wp-content\/uploads\/2024\/01\/Esterase-PL.png\",\"contentUrl\":\"https:\/\/asa-enzyme.de\/wp-content\/uploads\/2024\/01\/Esterase-PL.png\",\"width\":1080,\"height\":1080,\"caption\":\"Esterase PL is used for the enantioselective cleavage of esters from primary alcohols and short-chain carboxylic acids. Frequently used in organic synthesis\"},{\"@type\":\"BreadcrumbList\",\"@id\":\"https:\/\/asa-enzyme.de\/produkt\/esterase-pl\/#breadcrumb\",\"itemListElement\":[{\"@type\":\"ListItem\",\"position\":1,\"name\":\"Home\",\"item\":\"https:\/\/asa-enzyme.de\/en\/\"},{\"@type\":\"ListItem\",\"position\":2,\"name\":\"Shop\",\"item\":\"https:\/\/asa-enzyme.de\/en\/shop-special-enzymes\/\"},{\"@type\":\"ListItem\",\"position\":3,\"name\":\"Esterase PL\"}]},{\"@type\":\"WebSite\",\"@id\":\"https:\/\/asa-enzyme.de\/en\/#website\",\"url\":\"https:\/\/asa-enzyme.de\/en\/\",\"name\":\"ASA Spezialenzyme GmbH\",\"description\":\"\",\"publisher\":{\"@id\":\"https:\/\/asa-enzyme.de\/en\/#organization\"},\"potentialAction\":[{\"@type\":\"SearchAction\",\"target\":{\"@type\":\"EntryPoint\",\"urlTemplate\":\"https:\/\/asa-enzyme.de\/en\/?s={search_term_string}\"},\"query-input\":\"required name=search_term_string\"}],\"inLanguage\":\"de\"},{\"@type\":\"Organization\",\"@id\":\"https:\/\/asa-enzyme.de\/en\/#organization\",\"name\":\"ASA Spezialenzyme GmbH\",\"url\":\"https:\/\/asa-enzyme.de\/en\/\",\"logo\":{\"@type\":\"ImageObject\",\"inLanguage\":\"de\",\"@id\":\"https:\/\/asa-enzyme.de\/en\/#\/schema\/logo\/image\/\",\"url\":\"https:\/\/asa-enzyme.de\/wp-content\/uploads\/2023\/11\/ASALogo1.jpg\",\"contentUrl\":\"https:\/\/asa-enzyme.de\/wp-content\/uploads\/2023\/11\/ASALogo1.jpg\",\"width\":595,\"height\":156,\"caption\":\"ASA Spezialenzyme GmbH\"},\"image\":{\"@id\":\"https:\/\/asa-enzyme.de\/en\/#\/schema\/logo\/image\/\"}}]}<\/script>\n<!-- \/ Yoast SEO plugin. -->","yoast_head_json":{"title":"Esterase PL - ASA Spezialenzyme GmbH","description":"Esterase PL is used for the enantioselective cleavage of esters from primary alcohols and short-chain carboxylic acids. Frequently used in organic synthesis","robots":{"index":"index","follow":"follow","max-snippet":"max-snippet:-1","max-image-preview":"max-image-preview:large","max-video-preview":"max-video-preview:-1"},"canonical":"https:\/\/asa-enzyme.de\/de\/produkt\/esterase-pl\/","og_locale":"de_DE","og_type":"article","og_title":"Esterase PL - ASA Spezialenzyme GmbH","og_description":"Esterase PL is used for the enantioselective cleavage of esters from primary alcohols and short-chain carboxylic acids. Frequently used in organic synthesis","og_url":"https:\/\/asa-enzyme.de\/de\/produkt\/esterase-pl\/","og_site_name":"ASA Spezialenzyme GmbH","article_modified_time":"2026-03-02T14:46:44+00:00","og_image":[{"width":1080,"height":1080,"url":"https:\/\/asa-enzyme.de\/wp-content\/uploads\/2024\/01\/Esterase-PL.png","type":"image\/png"}],"twitter_card":"summary_large_image","twitter_misc":{"Gesch\u00e4tzte Lesezeit":"1\u00a0Minute"},"schema":{"@context":"https:\/\/schema.org","@graph":[{"@type":"WebPage","@id":"https:\/\/asa-enzyme.de\/produkt\/esterase-pl\/","url":"https:\/\/asa-enzyme.de\/produkt\/esterase-pl\/","name":"Esterase PL - ASA Spezialenzyme GmbH","isPartOf":{"@id":"https:\/\/asa-enzyme.de\/en\/#website"},"primaryImageOfPage":{"@id":"https:\/\/asa-enzyme.de\/produkt\/esterase-pl\/#primaryimage"},"image":{"@id":"https:\/\/asa-enzyme.de\/produkt\/esterase-pl\/#primaryimage"},"thumbnailUrl":"https:\/\/asa-enzyme.de\/wp-content\/uploads\/2024\/01\/Esterase-PL.png","datePublished":"2023-12-30T14:20:59+00:00","dateModified":"2026-03-02T14:46:44+00:00","description":"Esterase PL is used for the enantioselective cleavage of esters from primary alcohols and short-chain carboxylic acids. Frequently used in organic synthesis","breadcrumb":{"@id":"https:\/\/asa-enzyme.de\/produkt\/esterase-pl\/#breadcrumb"},"inLanguage":"de","potentialAction":[{"@type":"ReadAction","target":["https:\/\/asa-enzyme.de\/produkt\/esterase-pl\/"]}]},{"@type":"ImageObject","inLanguage":"de","@id":"https:\/\/asa-enzyme.de\/produkt\/esterase-pl\/#primaryimage","url":"https:\/\/asa-enzyme.de\/wp-content\/uploads\/2024\/01\/Esterase-PL.png","contentUrl":"https:\/\/asa-enzyme.de\/wp-content\/uploads\/2024\/01\/Esterase-PL.png","width":1080,"height":1080,"caption":"Esterase PL is used for the enantioselective cleavage of esters from primary alcohols and short-chain carboxylic acids. Frequently used in organic synthesis"},{"@type":"BreadcrumbList","@id":"https:\/\/asa-enzyme.de\/produkt\/esterase-pl\/#breadcrumb","itemListElement":[{"@type":"ListItem","position":1,"name":"Home","item":"https:\/\/asa-enzyme.de\/en\/"},{"@type":"ListItem","position":2,"name":"Shop","item":"https:\/\/asa-enzyme.de\/en\/shop-special-enzymes\/"},{"@type":"ListItem","position":3,"name":"Esterase PL"}]},{"@type":"WebSite","@id":"https:\/\/asa-enzyme.de\/en\/#website","url":"https:\/\/asa-enzyme.de\/en\/","name":"ASA Spezialenzyme GmbH","description":"","publisher":{"@id":"https:\/\/asa-enzyme.de\/en\/#organization"},"potentialAction":[{"@type":"SearchAction","target":{"@type":"EntryPoint","urlTemplate":"https:\/\/asa-enzyme.de\/en\/?s={search_term_string}"},"query-input":"required name=search_term_string"}],"inLanguage":"de"},{"@type":"Organization","@id":"https:\/\/asa-enzyme.de\/en\/#organization","name":"ASA Spezialenzyme GmbH","url":"https:\/\/asa-enzyme.de\/en\/","logo":{"@type":"ImageObject","inLanguage":"de","@id":"https:\/\/asa-enzyme.de\/en\/#\/schema\/logo\/image\/","url":"https:\/\/asa-enzyme.de\/wp-content\/uploads\/2023\/11\/ASALogo1.jpg","contentUrl":"https:\/\/asa-enzyme.de\/wp-content\/uploads\/2023\/11\/ASALogo1.jpg","width":595,"height":156,"caption":"ASA Spezialenzyme GmbH"},"image":{"@id":"https:\/\/asa-enzyme.de\/en\/#\/schema\/logo\/image\/"}}]}},"_links":{"self":[{"href":"https:\/\/asa-enzyme.de\/de\/wp-json\/wp\/v2\/product\/357","targetHints":{"allow":["GET"]}}],"collection":[{"href":"https:\/\/asa-enzyme.de\/de\/wp-json\/wp\/v2\/product"}],"about":[{"href":"https:\/\/asa-enzyme.de\/de\/wp-json\/wp\/v2\/types\/product"}],"wp:featuredmedia":[{"embeddable":true,"href":"https:\/\/asa-enzyme.de\/de\/wp-json\/wp\/v2\/media\/561"}],"wp:attachment":[{"href":"https:\/\/asa-enzyme.de\/de\/wp-json\/wp\/v2\/media?parent=357"}],"wp:term":[{"taxonomy":"product_cat","embeddable":true,"href":"https:\/\/asa-enzyme.de\/de\/wp-json\/wp\/v2\/product_cat?post=357"},{"taxonomy":"product_tag","embeddable":true,"href":"https:\/\/asa-enzyme.de\/de\/wp-json\/wp\/v2\/product_tag?post=357"}],"curies":[{"name":"wp","href":"https:\/\/api.w.org\/{rel}","templated":true}]}}