{"id":416,"date":"2024-01-15T16:03:41","date_gmt":"2024-01-15T15:03:41","guid":{"rendered":"https:\/\/asa-enzyme.de\/?post_type=product&#038;p=416"},"modified":"2026-03-02T15:34:39","modified_gmt":"2026-03-02T14:34:39","slug":"laccase-u","status":"publish","type":"product","link":"https:\/\/asa-enzyme.de\/de\/produkt\/laccase-u\/","title":{"rendered":"Laccase U"},"content":{"rendered":"<div class=\"page-header\">\n<h2>Laccase U<\/h2>\n<\/div>\n<div>\n<h6>EC 1.10.3.2<\/h6>\n<h6>Oxidoreductase<\/h6>\n<h6><strong>Aus<\/strong>\u00a0classified<\/h6>\n<p><strong>Anwendung:<\/strong> Laccase U ist ein aktives Enzympr\u00e4parat f\u00fcr die Oxidation von mono- und polyvalenten phenolischen Verbindungen mit hohen Restaktivit\u00e4ten bei neutralem pH.<\/p>\n<p><strong>Aktivit\u00e4t:<\/strong>\u00a0&gt; 1 000 U\/g<\/p>\n<p><strong>Artikel Nr.:<\/strong>\u00a02045<\/p>\n<p><strong>Produktdatenblatt DE <a href=\"https:\/\/asa-enzyme.de\/wp-content\/uploads\/2025\/09\/PDB-Laccase-U-2045-DE.pdf\" target=\"_blank\" rel=\"noopener\">LaccU &#8211; 2045 &#8211; DE<\/a><\/strong><\/p>\n<p><strong>Produktdatenblatt ENG <a href=\"https:\/\/asa-enzyme.de\/wp-content\/uploads\/2025\/09\/PDS-Laccase-U-2045-ENG.pdf\" target=\"_blank\" rel=\"noopener\">LaccU &#8211; 2045 &#8211; ENG<\/a><\/strong><\/p>\n<p><strong>Sicherheitsdatenblatt:\u00a0<\/strong>Auf Anfrage<\/p>\n<p><strong>Wissenschaftliche Literatur<\/strong><\/p>\n<p class=\"c-article-title\" data-test=\"article-title\"><a href=\"https:\/\/bioresourcesbioprocessing.springeropen.com\/articles\/10.1186\/s40643-021-00484-1\" target=\"_blank\" rel=\"noopener\">Laccases as green and versatile biocatalysts: from lab to enzyme market\u2014an overview<\/a> (By Tatiane Brugnari, Dayane Moreira Braga, et al; 2021;\u00a0<em>Bioresour. Bioprocess.,\u00a0<\/em>Volume 8, December 2021, Article 131; DOI: <a href=\"https:\/\/bioresourcesbioprocessing.springeropen.com\/articles\/10.1186\/s40643-021-00484-1\" target=\"_blank\" rel=\"noopener\">10.1186\/s40643-021-00484-1<\/a>)<\/p>\n<p class=\"article-title\"><a href=\"https:\/\/www.lidsen.com\/journals\/aeer\/aeer-04-02-030\" target=\"_blank\" rel=\"noopener\">Laccase: A Green Solution for Environmental Problems<\/a> (By Sonica Sondhi, Navleen Kaur Chopra, et al; 2023;\u00a0<em>Adv Environ Eng Res,\u00a0<\/em>Volume 4, Issue 2, May 2023; DOI: <a href=\"https:\/\/www.lidsen.com\/journals\/aeer\/aeer-04-02-030\" target=\"_blank\" rel=\"noopener\">10.21926\/aeer.2302030<\/a>)<\/p>\n<\/div>","protected":false},"excerpt":{"rendered":"<p>Benzenediol: oxygen oxidoreductase, EC 1.10.3.2<\/p>\n<p>&nbsp;<\/p>\n<p>Ausf\u00e4llung von phenolischen Substanzen, enzymatische Br\u00e4unung von Lebensmitteln, hohe Restaktivit\u00e4t bei neutralem pH-Wert<\/p>","protected":false},"featured_media":569,"template":"","meta":[],"product_cat":[24],"product_tag":[],"class_list":{"0":"post-416","1":"product","2":"type-product","3":"status-publish","4":"has-post-thumbnail","6":"product_cat-special-enzymes","7":"product_shipping_class-specialenzymes","9":"first","10":"instock","11":"taxable","12":"shipping-taxable","13":"purchasable","14":"product-type-variable"},"yoast_head":"<!-- This site is optimized with the Yoast SEO plugin v22.8 - https:\/\/yoast.com\/wordpress\/plugins\/seo\/ -->\n<title>Laccase U - ASA Spezialenzyme GmbH<\/title>\n<meta name=\"description\" content=\"Laccase U is an active Enzyme preparation for, for example, oxidation of mono- and polyvalent phenolic compounds with high residual activity at neutral pH\" \/>\n<meta name=\"robots\" content=\"index, follow, max-snippet:-1, max-image-preview:large, max-video-preview:-1\" \/>\n<link rel=\"canonical\" href=\"https:\/\/asa-enzyme.de\/de\/produkt\/laccase-u\/\" \/>\n<meta property=\"og:locale\" content=\"de_DE\" \/>\n<meta property=\"og:type\" content=\"article\" \/>\n<meta property=\"og:title\" content=\"Laccase U - ASA Spezialenzyme GmbH\" \/>\n<meta property=\"og:description\" content=\"Laccase U is an active Enzyme preparation for, for example, oxidation of mono- and polyvalent phenolic compounds with high residual activity at neutral pH\" \/>\n<meta property=\"og:url\" content=\"https:\/\/asa-enzyme.de\/de\/produkt\/laccase-u\/\" \/>\n<meta property=\"og:site_name\" content=\"ASA Spezialenzyme GmbH\" \/>\n<meta property=\"article:modified_time\" content=\"2026-03-02T14:34:39+00:00\" \/>\n<meta property=\"og:image\" content=\"https:\/\/asa-enzyme.de\/wp-content\/uploads\/2024\/01\/Laccase-u.png\" \/>\n\t<meta property=\"og:image:width\" content=\"1080\" \/>\n\t<meta property=\"og:image:height\" content=\"1080\" \/>\n\t<meta property=\"og:image:type\" content=\"image\/png\" \/>\n<meta name=\"twitter:card\" content=\"summary_large_image\" \/>\n<meta name=\"twitter:label1\" content=\"Gesch\u00e4tzte Lesezeit\" \/>\n\t<meta name=\"twitter:data1\" content=\"1\u00a0Minute\" \/>\n<script type=\"application\/ld+json\" class=\"yoast-schema-graph\">{\"@context\":\"https:\/\/schema.org\",\"@graph\":[{\"@type\":\"WebPage\",\"@id\":\"https:\/\/asa-enzyme.de\/produkt\/laccase-u\/\",\"url\":\"https:\/\/asa-enzyme.de\/produkt\/laccase-u\/\",\"name\":\"Laccase U - ASA Spezialenzyme GmbH\",\"isPartOf\":{\"@id\":\"https:\/\/asa-enzyme.de\/en\/#website\"},\"primaryImageOfPage\":{\"@id\":\"https:\/\/asa-enzyme.de\/produkt\/laccase-u\/#primaryimage\"},\"image\":{\"@id\":\"https:\/\/asa-enzyme.de\/produkt\/laccase-u\/#primaryimage\"},\"thumbnailUrl\":\"https:\/\/asa-enzyme.de\/wp-content\/uploads\/2024\/01\/Laccase-u.png\",\"datePublished\":\"2024-01-15T15:03:41+00:00\",\"dateModified\":\"2026-03-02T14:34:39+00:00\",\"description\":\"Laccase U is an active Enzyme preparation for, for example, oxidation of mono- and polyvalent phenolic compounds with high residual activity at neutral pH\",\"breadcrumb\":{\"@id\":\"https:\/\/asa-enzyme.de\/produkt\/laccase-u\/#breadcrumb\"},\"inLanguage\":\"de\",\"potentialAction\":[{\"@type\":\"ReadAction\",\"target\":[\"https:\/\/asa-enzyme.de\/produkt\/laccase-u\/\"]}]},{\"@type\":\"ImageObject\",\"inLanguage\":\"de\",\"@id\":\"https:\/\/asa-enzyme.de\/produkt\/laccase-u\/#primaryimage\",\"url\":\"https:\/\/asa-enzyme.de\/wp-content\/uploads\/2024\/01\/Laccase-u.png\",\"contentUrl\":\"https:\/\/asa-enzyme.de\/wp-content\/uploads\/2024\/01\/Laccase-u.png\",\"width\":1080,\"height\":1080,\"caption\":\"Laccase U is an active Enzyme preparation for, for example, oxidation of mono- and polyvalent phenolic compounds with high residual activity at neutral pH\"},{\"@type\":\"BreadcrumbList\",\"@id\":\"https:\/\/asa-enzyme.de\/produkt\/laccase-u\/#breadcrumb\",\"itemListElement\":[{\"@type\":\"ListItem\",\"position\":1,\"name\":\"Home\",\"item\":\"https:\/\/asa-enzyme.de\/en\/\"},{\"@type\":\"ListItem\",\"position\":2,\"name\":\"Shop\",\"item\":\"https:\/\/asa-enzyme.de\/en\/shop-special-enzymes\/\"},{\"@type\":\"ListItem\",\"position\":3,\"name\":\"Laccase U\"}]},{\"@type\":\"WebSite\",\"@id\":\"https:\/\/asa-enzyme.de\/en\/#website\",\"url\":\"https:\/\/asa-enzyme.de\/en\/\",\"name\":\"ASA Spezialenzyme GmbH\",\"description\":\"\",\"publisher\":{\"@id\":\"https:\/\/asa-enzyme.de\/en\/#organization\"},\"potentialAction\":[{\"@type\":\"SearchAction\",\"target\":{\"@type\":\"EntryPoint\",\"urlTemplate\":\"https:\/\/asa-enzyme.de\/en\/?s={search_term_string}\"},\"query-input\":\"required name=search_term_string\"}],\"inLanguage\":\"de\"},{\"@type\":\"Organization\",\"@id\":\"https:\/\/asa-enzyme.de\/en\/#organization\",\"name\":\"ASA Spezialenzyme GmbH\",\"url\":\"https:\/\/asa-enzyme.de\/en\/\",\"logo\":{\"@type\":\"ImageObject\",\"inLanguage\":\"de\",\"@id\":\"https:\/\/asa-enzyme.de\/en\/#\/schema\/logo\/image\/\",\"url\":\"https:\/\/asa-enzyme.de\/wp-content\/uploads\/2023\/11\/ASALogo1.jpg\",\"contentUrl\":\"https:\/\/asa-enzyme.de\/wp-content\/uploads\/2023\/11\/ASALogo1.jpg\",\"width\":595,\"height\":156,\"caption\":\"ASA Spezialenzyme GmbH\"},\"image\":{\"@id\":\"https:\/\/asa-enzyme.de\/en\/#\/schema\/logo\/image\/\"}}]}<\/script>\n<!-- \/ Yoast SEO plugin. -->","yoast_head_json":{"title":"Laccase U - ASA Spezialenzyme GmbH","description":"Laccase U is an active Enzyme preparation for, for example, oxidation of mono- and polyvalent phenolic compounds with high residual activity at neutral pH","robots":{"index":"index","follow":"follow","max-snippet":"max-snippet:-1","max-image-preview":"max-image-preview:large","max-video-preview":"max-video-preview:-1"},"canonical":"https:\/\/asa-enzyme.de\/de\/produkt\/laccase-u\/","og_locale":"de_DE","og_type":"article","og_title":"Laccase U - ASA Spezialenzyme GmbH","og_description":"Laccase U is an active Enzyme preparation for, for example, oxidation of mono- and polyvalent phenolic compounds with high residual activity at neutral pH","og_url":"https:\/\/asa-enzyme.de\/de\/produkt\/laccase-u\/","og_site_name":"ASA Spezialenzyme GmbH","article_modified_time":"2026-03-02T14:34:39+00:00","og_image":[{"width":1080,"height":1080,"url":"https:\/\/asa-enzyme.de\/wp-content\/uploads\/2024\/01\/Laccase-u.png","type":"image\/png"}],"twitter_card":"summary_large_image","twitter_misc":{"Gesch\u00e4tzte Lesezeit":"1\u00a0Minute"},"schema":{"@context":"https:\/\/schema.org","@graph":[{"@type":"WebPage","@id":"https:\/\/asa-enzyme.de\/produkt\/laccase-u\/","url":"https:\/\/asa-enzyme.de\/produkt\/laccase-u\/","name":"Laccase U - ASA Spezialenzyme GmbH","isPartOf":{"@id":"https:\/\/asa-enzyme.de\/en\/#website"},"primaryImageOfPage":{"@id":"https:\/\/asa-enzyme.de\/produkt\/laccase-u\/#primaryimage"},"image":{"@id":"https:\/\/asa-enzyme.de\/produkt\/laccase-u\/#primaryimage"},"thumbnailUrl":"https:\/\/asa-enzyme.de\/wp-content\/uploads\/2024\/01\/Laccase-u.png","datePublished":"2024-01-15T15:03:41+00:00","dateModified":"2026-03-02T14:34:39+00:00","description":"Laccase U is an active Enzyme preparation for, for example, oxidation of mono- and polyvalent phenolic compounds with high residual activity at neutral pH","breadcrumb":{"@id":"https:\/\/asa-enzyme.de\/produkt\/laccase-u\/#breadcrumb"},"inLanguage":"de","potentialAction":[{"@type":"ReadAction","target":["https:\/\/asa-enzyme.de\/produkt\/laccase-u\/"]}]},{"@type":"ImageObject","inLanguage":"de","@id":"https:\/\/asa-enzyme.de\/produkt\/laccase-u\/#primaryimage","url":"https:\/\/asa-enzyme.de\/wp-content\/uploads\/2024\/01\/Laccase-u.png","contentUrl":"https:\/\/asa-enzyme.de\/wp-content\/uploads\/2024\/01\/Laccase-u.png","width":1080,"height":1080,"caption":"Laccase U is an active Enzyme preparation for, for example, oxidation of mono- and polyvalent phenolic compounds with high residual activity at neutral pH"},{"@type":"BreadcrumbList","@id":"https:\/\/asa-enzyme.de\/produkt\/laccase-u\/#breadcrumb","itemListElement":[{"@type":"ListItem","position":1,"name":"Home","item":"https:\/\/asa-enzyme.de\/en\/"},{"@type":"ListItem","position":2,"name":"Shop","item":"https:\/\/asa-enzyme.de\/en\/shop-special-enzymes\/"},{"@type":"ListItem","position":3,"name":"Laccase U"}]},{"@type":"WebSite","@id":"https:\/\/asa-enzyme.de\/en\/#website","url":"https:\/\/asa-enzyme.de\/en\/","name":"ASA Spezialenzyme GmbH","description":"","publisher":{"@id":"https:\/\/asa-enzyme.de\/en\/#organization"},"potentialAction":[{"@type":"SearchAction","target":{"@type":"EntryPoint","urlTemplate":"https:\/\/asa-enzyme.de\/en\/?s={search_term_string}"},"query-input":"required name=search_term_string"}],"inLanguage":"de"},{"@type":"Organization","@id":"https:\/\/asa-enzyme.de\/en\/#organization","name":"ASA Spezialenzyme GmbH","url":"https:\/\/asa-enzyme.de\/en\/","logo":{"@type":"ImageObject","inLanguage":"de","@id":"https:\/\/asa-enzyme.de\/en\/#\/schema\/logo\/image\/","url":"https:\/\/asa-enzyme.de\/wp-content\/uploads\/2023\/11\/ASALogo1.jpg","contentUrl":"https:\/\/asa-enzyme.de\/wp-content\/uploads\/2023\/11\/ASALogo1.jpg","width":595,"height":156,"caption":"ASA Spezialenzyme GmbH"},"image":{"@id":"https:\/\/asa-enzyme.de\/en\/#\/schema\/logo\/image\/"}}]}},"_links":{"self":[{"href":"https:\/\/asa-enzyme.de\/de\/wp-json\/wp\/v2\/product\/416","targetHints":{"allow":["GET"]}}],"collection":[{"href":"https:\/\/asa-enzyme.de\/de\/wp-json\/wp\/v2\/product"}],"about":[{"href":"https:\/\/asa-enzyme.de\/de\/wp-json\/wp\/v2\/types\/product"}],"wp:featuredmedia":[{"embeddable":true,"href":"https:\/\/asa-enzyme.de\/de\/wp-json\/wp\/v2\/media\/569"}],"wp:attachment":[{"href":"https:\/\/asa-enzyme.de\/de\/wp-json\/wp\/v2\/media?parent=416"}],"wp:term":[{"taxonomy":"product_cat","embeddable":true,"href":"https:\/\/asa-enzyme.de\/de\/wp-json\/wp\/v2\/product_cat?post=416"},{"taxonomy":"product_tag","embeddable":true,"href":"https:\/\/asa-enzyme.de\/de\/wp-json\/wp\/v2\/product_tag?post=416"}],"curies":[{"name":"wp","href":"https:\/\/api.w.org\/{rel}","templated":true}]}}