{"id":540,"date":"2024-01-17T18:02:40","date_gmt":"2024-01-17T17:02:40","guid":{"rendered":"https:\/\/asa-enzyme.de\/?post_type=product&#038;p=540"},"modified":"2026-02-26T15:56:31","modified_gmt":"2026-02-26T14:56:31","slug":"xylanase-2x","status":"publish","type":"product","link":"https:\/\/asa-enzyme.de\/de\/produkt\/xylanase-2x\/","title":{"rendered":"Xylanase 2x"},"content":{"rendered":"<div class=\"page-header\">\n<h2>Xylanase 2x<\/h2>\n<\/div>\n<div>\n<p>EC 3.2.1.x<\/p>\n<p>Glycosidase<\/p>\n<p><strong>Aus<\/strong>\u00a0<em>Trichoderma sp.<\/em><\/p>\n<p><strong>Anwendung:<\/strong>\u00a0Xylanase 2x ist eine Enzymzubereitung aus verschiedenen Hemicellulase-Aktivit\u00e4ten wie Mannanase, Xylanase und \u00df-Glucanase f\u00fcr den Abbau von Hemicellulase in technischen Fermentationen. Die Enzyme hydrolysieren die Substrate in Oligosaccharide und einige Mono-, Di- und Trisaccharide. Verringerung der Viskosit\u00e4t in Fermentationsprozessen.<\/p>\n<p><strong>Aktivit\u00e4t:<\/strong> &gt; 100 000 U\/g<\/p>\n<p><strong>Order No.:<\/strong>\u00a03050<\/p>\n<p><strong>Produktdatenblatt: <a href=\"https:\/\/asa-enzyme.de\/wp-content\/uploads\/2024\/01\/Xylanase-2-3050-ENG.pdf\">Xylanase 2 -3050-ENG<\/a><\/strong><\/p>\n<p><strong>Sicherheitsdatenblatt:\u00a0<\/strong>Auf Anfrage<\/p>\n<\/div>\n<p><strong>Musterversand: F\u00fcr den Versand von Mustern nehmen wir eine Aufwandsentsch\u00e4digung von 25,00\u20ac zzgl. MwSt. pro Muster. Wir hoffen auf Ihr Verst\u00e4ndnis.<\/strong><\/p>\n<p>&nbsp;<\/p>","protected":false},"excerpt":{"rendered":"<p>endo-1,4-\u00df-Glucanase, EC 3.2.1.4<\/p>\n<p>endo-1,4-\u00df-Xylanase, EC 3.2.1.8<\/p>\n<p>endo-1,3-\u00df-Xylanase, EC 3.2.1.32<\/p>\n<p>1 kg &#8211; 73,00 \u20ac\/kg<\/p>\n<p>25 kg &#8211; 58,80 \u20ac\/kg<\/p>","protected":false},"featured_media":582,"template":"","meta":[],"product_cat":[26],"product_tag":[],"class_list":{"0":"post-540","1":"product","2":"type-product","3":"status-publish","4":"has-post-thumbnail","6":"product_cat-industrial-enzymes","8":"first","9":"instock","10":"taxable","11":"shipping-taxable","12":"purchasable","13":"product-type-variable"},"yoast_head":"<!-- This site is optimized with the Yoast SEO plugin v22.8 - https:\/\/yoast.com\/wordpress\/plugins\/seo\/ -->\n<title>Xylanase 2x - ASA Spezialenzyme GmbH<\/title>\n<meta name=\"robots\" content=\"index, follow, max-snippet:-1, max-image-preview:large, max-video-preview:-1\" \/>\n<link rel=\"canonical\" href=\"https:\/\/asa-enzyme.de\/de\/produkt\/xylanase-2x\/\" \/>\n<meta property=\"og:locale\" content=\"de_DE\" \/>\n<meta property=\"og:type\" content=\"article\" \/>\n<meta property=\"og:title\" content=\"Xylanase 2x - ASA Spezialenzyme GmbH\" \/>\n<meta property=\"og:description\" content=\"endo-1,4-\u00df-Glucanase, EC 3.2.1.4  endo-1,4-\u00df-Xylanase, EC 3.2.1.8  endo-1,3-\u00df-Xylanase, EC 3.2.1.32  1 kg - 73,00 \u20ac\/kg  25 kg - 58,80 \u20ac\/kg\" \/>\n<meta property=\"og:url\" content=\"https:\/\/asa-enzyme.de\/de\/produkt\/xylanase-2x\/\" \/>\n<meta property=\"og:site_name\" content=\"ASA Spezialenzyme GmbH\" \/>\n<meta property=\"article:modified_time\" content=\"2026-02-26T14:56:31+00:00\" \/>\n<meta property=\"og:image\" content=\"https:\/\/asa-enzyme.de\/wp-content\/uploads\/2024\/01\/Xylanase-2x.png\" \/>\n\t<meta property=\"og:image:width\" content=\"1080\" \/>\n\t<meta property=\"og:image:height\" content=\"1080\" \/>\n\t<meta property=\"og:image:type\" content=\"image\/png\" \/>\n<meta name=\"twitter:card\" content=\"summary_large_image\" \/>\n<meta name=\"twitter:label1\" content=\"Gesch\u00e4tzte Lesezeit\" \/>\n\t<meta name=\"twitter:data1\" content=\"1\u00a0Minute\" \/>\n<script type=\"application\/ld+json\" class=\"yoast-schema-graph\">{\"@context\":\"https:\/\/schema.org\",\"@graph\":[{\"@type\":\"WebPage\",\"@id\":\"https:\/\/asa-enzyme.de\/produkt\/xylanase-2x\/\",\"url\":\"https:\/\/asa-enzyme.de\/produkt\/xylanase-2x\/\",\"name\":\"Xylanase 2x - ASA Spezialenzyme GmbH\",\"isPartOf\":{\"@id\":\"https:\/\/asa-enzyme.de\/en\/#website\"},\"primaryImageOfPage\":{\"@id\":\"https:\/\/asa-enzyme.de\/produkt\/xylanase-2x\/#primaryimage\"},\"image\":{\"@id\":\"https:\/\/asa-enzyme.de\/produkt\/xylanase-2x\/#primaryimage\"},\"thumbnailUrl\":\"https:\/\/asa-enzyme.de\/wp-content\/uploads\/2024\/01\/Xylanase-2x.png\",\"datePublished\":\"2024-01-17T17:02:40+00:00\",\"dateModified\":\"2026-02-26T14:56:31+00:00\",\"breadcrumb\":{\"@id\":\"https:\/\/asa-enzyme.de\/produkt\/xylanase-2x\/#breadcrumb\"},\"inLanguage\":\"de\",\"potentialAction\":[{\"@type\":\"ReadAction\",\"target\":[\"https:\/\/asa-enzyme.de\/produkt\/xylanase-2x\/\"]}]},{\"@type\":\"ImageObject\",\"inLanguage\":\"de\",\"@id\":\"https:\/\/asa-enzyme.de\/produkt\/xylanase-2x\/#primaryimage\",\"url\":\"https:\/\/asa-enzyme.de\/wp-content\/uploads\/2024\/01\/Xylanase-2x.png\",\"contentUrl\":\"https:\/\/asa-enzyme.de\/wp-content\/uploads\/2024\/01\/Xylanase-2x.png\",\"width\":1080,\"height\":1080},{\"@type\":\"BreadcrumbList\",\"@id\":\"https:\/\/asa-enzyme.de\/produkt\/xylanase-2x\/#breadcrumb\",\"itemListElement\":[{\"@type\":\"ListItem\",\"position\":1,\"name\":\"Home\",\"item\":\"https:\/\/asa-enzyme.de\/en\/\"},{\"@type\":\"ListItem\",\"position\":2,\"name\":\"Shop\",\"item\":\"https:\/\/asa-enzyme.de\/en\/shop-special-enzymes\/\"},{\"@type\":\"ListItem\",\"position\":3,\"name\":\"Xylanase 2x\"}]},{\"@type\":\"WebSite\",\"@id\":\"https:\/\/asa-enzyme.de\/en\/#website\",\"url\":\"https:\/\/asa-enzyme.de\/en\/\",\"name\":\"ASA Spezialenzyme GmbH\",\"description\":\"\",\"publisher\":{\"@id\":\"https:\/\/asa-enzyme.de\/en\/#organization\"},\"potentialAction\":[{\"@type\":\"SearchAction\",\"target\":{\"@type\":\"EntryPoint\",\"urlTemplate\":\"https:\/\/asa-enzyme.de\/en\/?s={search_term_string}\"},\"query-input\":\"required name=search_term_string\"}],\"inLanguage\":\"de\"},{\"@type\":\"Organization\",\"@id\":\"https:\/\/asa-enzyme.de\/en\/#organization\",\"name\":\"ASA Spezialenzyme GmbH\",\"url\":\"https:\/\/asa-enzyme.de\/en\/\",\"logo\":{\"@type\":\"ImageObject\",\"inLanguage\":\"de\",\"@id\":\"https:\/\/asa-enzyme.de\/en\/#\/schema\/logo\/image\/\",\"url\":\"https:\/\/asa-enzyme.de\/wp-content\/uploads\/2023\/11\/ASALogo1.jpg\",\"contentUrl\":\"https:\/\/asa-enzyme.de\/wp-content\/uploads\/2023\/11\/ASALogo1.jpg\",\"width\":595,\"height\":156,\"caption\":\"ASA Spezialenzyme GmbH\"},\"image\":{\"@id\":\"https:\/\/asa-enzyme.de\/en\/#\/schema\/logo\/image\/\"}}]}<\/script>\n<!-- \/ Yoast SEO plugin. -->","yoast_head_json":{"title":"Xylanase 2x - ASA Spezialenzyme GmbH","robots":{"index":"index","follow":"follow","max-snippet":"max-snippet:-1","max-image-preview":"max-image-preview:large","max-video-preview":"max-video-preview:-1"},"canonical":"https:\/\/asa-enzyme.de\/de\/produkt\/xylanase-2x\/","og_locale":"de_DE","og_type":"article","og_title":"Xylanase 2x - ASA Spezialenzyme GmbH","og_description":"endo-1,4-\u00df-Glucanase, EC 3.2.1.4  endo-1,4-\u00df-Xylanase, EC 3.2.1.8  endo-1,3-\u00df-Xylanase, EC 3.2.1.32  1 kg - 73,00 \u20ac\/kg  25 kg - 58,80 \u20ac\/kg","og_url":"https:\/\/asa-enzyme.de\/de\/produkt\/xylanase-2x\/","og_site_name":"ASA Spezialenzyme GmbH","article_modified_time":"2026-02-26T14:56:31+00:00","og_image":[{"width":1080,"height":1080,"url":"https:\/\/asa-enzyme.de\/wp-content\/uploads\/2024\/01\/Xylanase-2x.png","type":"image\/png"}],"twitter_card":"summary_large_image","twitter_misc":{"Gesch\u00e4tzte Lesezeit":"1\u00a0Minute"},"schema":{"@context":"https:\/\/schema.org","@graph":[{"@type":"WebPage","@id":"https:\/\/asa-enzyme.de\/produkt\/xylanase-2x\/","url":"https:\/\/asa-enzyme.de\/produkt\/xylanase-2x\/","name":"Xylanase 2x - ASA Spezialenzyme GmbH","isPartOf":{"@id":"https:\/\/asa-enzyme.de\/en\/#website"},"primaryImageOfPage":{"@id":"https:\/\/asa-enzyme.de\/produkt\/xylanase-2x\/#primaryimage"},"image":{"@id":"https:\/\/asa-enzyme.de\/produkt\/xylanase-2x\/#primaryimage"},"thumbnailUrl":"https:\/\/asa-enzyme.de\/wp-content\/uploads\/2024\/01\/Xylanase-2x.png","datePublished":"2024-01-17T17:02:40+00:00","dateModified":"2026-02-26T14:56:31+00:00","breadcrumb":{"@id":"https:\/\/asa-enzyme.de\/produkt\/xylanase-2x\/#breadcrumb"},"inLanguage":"de","potentialAction":[{"@type":"ReadAction","target":["https:\/\/asa-enzyme.de\/produkt\/xylanase-2x\/"]}]},{"@type":"ImageObject","inLanguage":"de","@id":"https:\/\/asa-enzyme.de\/produkt\/xylanase-2x\/#primaryimage","url":"https:\/\/asa-enzyme.de\/wp-content\/uploads\/2024\/01\/Xylanase-2x.png","contentUrl":"https:\/\/asa-enzyme.de\/wp-content\/uploads\/2024\/01\/Xylanase-2x.png","width":1080,"height":1080},{"@type":"BreadcrumbList","@id":"https:\/\/asa-enzyme.de\/produkt\/xylanase-2x\/#breadcrumb","itemListElement":[{"@type":"ListItem","position":1,"name":"Home","item":"https:\/\/asa-enzyme.de\/en\/"},{"@type":"ListItem","position":2,"name":"Shop","item":"https:\/\/asa-enzyme.de\/en\/shop-special-enzymes\/"},{"@type":"ListItem","position":3,"name":"Xylanase 2x"}]},{"@type":"WebSite","@id":"https:\/\/asa-enzyme.de\/en\/#website","url":"https:\/\/asa-enzyme.de\/en\/","name":"ASA Spezialenzyme GmbH","description":"","publisher":{"@id":"https:\/\/asa-enzyme.de\/en\/#organization"},"potentialAction":[{"@type":"SearchAction","target":{"@type":"EntryPoint","urlTemplate":"https:\/\/asa-enzyme.de\/en\/?s={search_term_string}"},"query-input":"required name=search_term_string"}],"inLanguage":"de"},{"@type":"Organization","@id":"https:\/\/asa-enzyme.de\/en\/#organization","name":"ASA Spezialenzyme GmbH","url":"https:\/\/asa-enzyme.de\/en\/","logo":{"@type":"ImageObject","inLanguage":"de","@id":"https:\/\/asa-enzyme.de\/en\/#\/schema\/logo\/image\/","url":"https:\/\/asa-enzyme.de\/wp-content\/uploads\/2023\/11\/ASALogo1.jpg","contentUrl":"https:\/\/asa-enzyme.de\/wp-content\/uploads\/2023\/11\/ASALogo1.jpg","width":595,"height":156,"caption":"ASA Spezialenzyme GmbH"},"image":{"@id":"https:\/\/asa-enzyme.de\/en\/#\/schema\/logo\/image\/"}}]}},"_links":{"self":[{"href":"https:\/\/asa-enzyme.de\/de\/wp-json\/wp\/v2\/product\/540","targetHints":{"allow":["GET"]}}],"collection":[{"href":"https:\/\/asa-enzyme.de\/de\/wp-json\/wp\/v2\/product"}],"about":[{"href":"https:\/\/asa-enzyme.de\/de\/wp-json\/wp\/v2\/types\/product"}],"wp:featuredmedia":[{"embeddable":true,"href":"https:\/\/asa-enzyme.de\/de\/wp-json\/wp\/v2\/media\/582"}],"wp:attachment":[{"href":"https:\/\/asa-enzyme.de\/de\/wp-json\/wp\/v2\/media?parent=540"}],"wp:term":[{"taxonomy":"product_cat","embeddable":true,"href":"https:\/\/asa-enzyme.de\/de\/wp-json\/wp\/v2\/product_cat?post=540"},{"taxonomy":"product_tag","embeddable":true,"href":"https:\/\/asa-enzyme.de\/de\/wp-json\/wp\/v2\/product_tag?post=540"}],"curies":[{"name":"wp","href":"https:\/\/api.w.org\/{rel}","templated":true}]}}